{"id":35822,"date":"2020-10-27T12:41:43","date_gmt":"2020-10-27T12:41:43","guid":{"rendered":"https:\/\/spectrum-built.com\/contactez-nous-2"},"modified":"2020-10-27T12:41:43","modified_gmt":"2020-10-27T12:41:43","slug":"contactez-nous-2","status":"publish","type":"page","link":"https:\/\/spectrum-built.com\/fr\/contactez-nous-2\/","title":{"rendered":"Contactez nous"},"content":{"rendered":"<p>[kc_row full_width=\u00a0\u00bbstretch_row\u00a0\u00bb _id=\u00a0\u00bb526892&Prime; cols_gap=\u00a0\u00bb{`kc-css`:{}}\u00a0\u00bb use_container=\u00a0\u00bbno\u00a0\u00bb force=\u00a0\u00bbyes\u00a0\u00bb][kc_column _id=\u00a0\u00bb216761&Prime;][kc_column_text _id=\u00a0\u00bb569237&Prime;]<\/p>\n<p>[\/kc_column_text][kc_row# cols_gap=\u00a0\u00bb{`kc-css`:{`any`:{`group`:{`max-width|.kc-container`:`100%`}}}}\u00a0\u00bb use_container=\u00a0\u00bbno\u00a0\u00bb force=\u00a0\u00bbyes\u00a0\u00bb _id=\u00a0\u00bb749948&Prime; css_custom=\u00a0\u00bb{`kc-css`:{}}\u00a0\u00bb column_align=\u00a0\u00bbcenter\u00a0\u00bb video_bg_url=\u00a0\u00bb__empty__\u00a0\u00bb video_mute=\u00a0\u00bb__empty__\u00a0\u00bb parallax_image=\u00a0\u00bb__empty__\u00a0\u00bb][\/kc_row#][kc_column# width=\u00a0\u00bb100%\u00a0\u00bb _id=\u00a0\u00bb305576&Prime; video_bg_url=\u00a0\u00bb__empty__\u00a0\u00bb video_mute=\u00a0\u00bb__empty__\u00a0\u00bb][\/kc_column#][kc_google_maps random_id=\u00a0\u00bb763334&Prime; map_location=\u00a0\u00bbPGlmcmFtZSBzcmM9Imh0dHBzOi8vd3d3Lmdvb2dsZS5jb20vbWFwcy9kL2VtYmVkP21pZD0xci1QLV9qSmdQTEZ1RHJUeVVNQWRKSWdRalJ3MDNELTQmZWhiYz0yRTMxMkYmej00IiBmcmFtZWJvcmRlcj0iMCIgc3R5bGU9ImJvcmRlcjowOyB0b3A6LTUwcHg7IHBvc2l0aW9uOnJlbGF0aXZlOyIgd2lkdGg9IjY0MCIgaGVpZ2h0PSI1NTAiPjwvaWZyYW1lPg==\u00a0\u00bb map_height=\u00a0\u00bb550&Prime; _id=\u00a0\u00bb508634&Prime;][\/kc_column][\/kc_row][kc_row use_container=\u00a0\u00bbyes\u00a0\u00bb _id=\u00a0\u00bb332343&Prime;][kc_column width=\u00a0\u00bb100%\u00a0\u00bb _id=\u00a0\u00bb103227&Prime; _css_inspector_marginer=\u00a0\u00bb{`kc-css`:{`any`:{`box`:{`padding|`:`0px inherit inherit inherit`}}}}\u00a0\u00bb][kc_column_text _id=\u00a0\u00bb740730&Prime;]<\/p>\n<section class=\"kc-elm kc-css-455950 kc_row\">\n<div class=\"kc-row-container kc-container\">\n<div class=\"kc-wrap-columns\">\n<div class=\"kc-elm kc-css-39405 kc_column kc_col-sm-12\">\n<div class=\"kc-col-container\">\n<div class=\"kc-elm kc-css-26753 kc_text_block\"><\/div>\n<\/div>\n<\/div>\n<\/div>\n<\/div>\n<\/section>\n<p>[\/kc_column_text][\/kc_column][\/kc_row][kc_row full_width=\u00a0\u00bbstretch_row\u00a0\u00bb _id=\u00a0\u00bb125620&Prime;][kc_column width=\u00a0\u00bb2\/3&Prime; offset=\u00a0\u00bbvc_col-xs-12&Prime; _id=\u00a0\u00bb769921&Prime;][\/kc_column][kc_column _id=\u00a0\u00bb5393&Prime;][kc_row# _id=\u00a0\u00bb143166&Prime;][\/kc_row#][\/kc_column][\/kc_row][kc_row _id=\u00a0\u00bb161375&Prime;][kc_column _id=\u00a0\u00bb301166&Prime;][\/kc_column][\/kc_row][kc_row _id=\u00a0\u00bb366688&Prime;][kc_column _id=\u00a0\u00bb596219&Prime;][\/kc_column][kc_column _id=\u00a0\u00bb406288&Prime;][kc_column_text _id=\u00a0\u00bb572425&Prime;]<\/p>\n<section class=\"kc-elm kc-css-419967 kc_row\">\n<div class=\"kc-row-container kc-container\">\n<div class=\"kc-wrap-columns\">\n<div class=\"kc-elm kc-css-141974 kc_col-sm-8 kc_column kc_col-sm-8\">\n<div class=\"kc-col-container\">\n<div class=\"kc-elm kc-css-196419 kc_text_block\"> <\/div>\n<\/div>\n<\/div>\n<\/div>\n<\/div>\n<\/section>\n<section class=\"kc-elm kc-css-548703 kc_row\">\n<div class=\"kc-row-container kc-container\">\n<div class=\"kc-wrap-columns\">\n<div class=\"kc-elm kc-css-838809 kc_col-sm-8 kc_column kc_col-sm-8\">\n<div class=\"kc-col-container\">\n<div class=\"title-wrapper basel-title-color-default basel-title-style-bordered basel-title-size-default text-left \">\n<div class=\"liner-continer\">\n<h4 class=\"title\">CONTACTEZ-NOUS<\/h4>\n<\/div>\n<\/div>\n<div class=\"kc-elm kc-css-494881 kc_text_block\">\n<p><script charset=\"utf-8\" type=\"text\/javascript\" src=\"\/\/js.hsforms.net\/forms\/v2.js\"><\/script><\/p>\n<p><script charset=\"utf-8\" type=\"text\/javascript\" src=\"\/\/js.hsforms.net\/forms\/v2.js\"><\/script><br \/><script>  hbspt.forms.create({\tportalId: \"2790206\",\tformId: \"660de71c-6df8-48ff-ad34-7bf4af3e679b\"});<\/script><br \/><script charset=\"utf-8\" type=\"text\/javascript\" src=\"\/\/js.hsforms.net\/forms\/v2-legacy.js\"><\/script><\/p>\n<p><script charset=\"utf-8\" type=\"text\/javascript\" src=\"\/\/js.hsforms.net\/forms\/v2.js\"><\/script><\/p>\n<\/div>\n<\/div>\n<\/div>\n<div class=\"kc-elm kc-css-798539 kc_col-sm-4 kc_column kc_col-sm-4\">\n<div class=\"kc-col-container\">\n<div class=\"title-wrapper basel-title-color-default basel-title-style-bordered basel-title-size-default text-left \">\n<div class=\"liner-continer\">\n<h4 class=\"title\">CONTACTEZ-NOUS<\/h4>\n<\/div>\n<\/div>\n<div class=\"kc-elm kc-css-167404 kc_row kc_row_inner\">\n<div class=\"kc-elm kc-css-454558 kc_column_inner kc_col-sm-12\">\n<div class=\"kc_wrapper kc-col-inner-container\">\n<div class=\"kc-elm kc-css-574107 kc_text_block\">\n<h5><i class=\"fa fa-phone\"><\/i>  Sans frais : <a href=\"tel:18554440588\">1-855-444-0588<\/a><br \/><i class=\"fa fa-envelope\"><\/i> Courriel : <a href=\"mailto:info@spectrumlockers.com\">info@spectrumlockers.com<\/a><\/h5>\n<p><a href=\"#sales_reps\">Contactez votre repr\u00e9sentant local<\/a> pour commander des \u00e9chantillons de couleurs, demander des devis pour votre projet ou pour plus d&rsquo;informations sur les casiers ph\u00e9noliques.<\/p>\n<\/div>\n<\/div>\n<\/div>\n<\/div>\n<div class=\"title-wrapper basel-title-color-default basel-title-style-bordered basel-title-size-default text-left \">\n<div class=\"liner-continer\">\n<h4 class=\"title\">\u00c0 PROPOS DE NOUS<\/h4>\n<\/div>\n<\/div>\n<div class=\"kc-elm kc-css-66706 kc_text_block\">\n<p>Spectrum Lockers est le premier choix du march\u00e9 pour les casiers ph\u00e9noliques haut de gamme, un r\u00eave devenu r\u00e9alit\u00e9 pour les concepteurs.<\/p>\n<p>Spectrum utilise des panneaux Trespa et Arpa de haute qualit\u00e9 et d&rsquo;une grande beaut\u00e9 visuelle, qui sont durables et conviennent parfaitement aux zones \u00e0 fort trafic et aux environnements humides.<\/p>\n<\/div>\n<\/div>\n<\/div>\n<\/div>\n<\/div>\n<\/section>\n<section class=\"kc-elm kc-css-104184 kc_row\">\n<div class=\"kc-row-container kc-container\">\n<div class=\"kc-wrap-columns\">\n<div class=\"kc-elm kc-css-43574 kc_column kc_col-sm-12\">\n<div class=\"kc-col-container\">\n<div class=\"title-wrapper basel-title-color-default basel-title-style-bordered basel-title-size-default text-left \">\n<div class=\"liner-continer\">\n<h4 class=\"title\">REPR\u00c9SENTANTS DES VENTES<\/h4>\n<\/div>\n<\/div>\n<div class=\"kc-elm kc-css-450427 kc_text_block\">\n<h3>\u00c9tats-Unis<\/h3>\n<\/div>\n<\/div>\n<\/div>\n<\/div>\n<\/div>\n<\/section>\n<section class=\"kc-elm kc-css-469413 kc_row\">\n<div class=\"kc-row-container kc-container\">\n<div class=\"kc-wrap-columns\">\n<div class=\"kc-elm kc-css-384452 kc_col-sm-3 kc_column kc_col-sm-3\">\n<div class=\"kc-col-container\">\n<div class=\"kc-elm kc-css-428596 kc_text_block\">\n<p><span style=\"text-decoration: underline;\"><strong><a href=\"http:\/\/reedwards.com\/\" target=\"_blank\" rel=\"noopener noreferrer\">R.E. EDWARDS &amp; ASSOCIATES, INC.<\/a><\/strong><\/span><br \/><strong>CA (North) | NV<\/strong><br \/>Attn. : Dave Edwards<br \/>Adresse : 7020 Koll Center Parkway Suite 101. Pleasanton, CA 94566<br \/>T\u00e9l. : <a href=\"tel:9258292942\">925-829-2942<\/a><br \/>E-mail : <a href=\"mailto:dave@reedwards.com\">dave@reedwards.com<\/a>   <\/p>\n<p><span style=\"text-decoration: underline;\"><strong><a href=\"http:\/\/www.mega-architectural.com\/\" target=\"_blank\" rel=\"noopener noreferrer\">M\u00c9GA ARCHITECTURE<\/a><\/strong><\/span><br \/><strong>CA (South)<\/strong><br \/>Attn. : Julio Ornelas<br \/>Adresse : 6861 Walker St, La Palma CA 90623<br \/>T\u00e9l. : <a href=\"tel:3103235828\">310-323-5828<\/a><br \/>E-mail : <a href=\"mailto:jornelas@mega-architectural.com\">jornelas@mega-architectural.com<\/a>  <\/p>\n<p><span style=\"text-decoration: underline;\"><strong><a href=\"http:\/\/www.easales.com\/\" target=\"_blank\" rel=\"noopener noreferrer\">ELLIOTT ASSOCIATES<\/a><\/strong><\/span><br \/><strong>CO | NM | UT | WY | MT<\/strong><br \/>A l&rsquo;attention de : Peter Elliott, CSI, CCPR<br \/>Adresse : 251 Violet St. Suite 100 Golden, CO 80401<br \/>T\u00e9l : <a href=\"tel:3034290133\">303-429-0133<\/a><br \/>E-mail : <a href=\"mailto:easales@sprintmail.com\">easales@sprintmail.com<\/a>  <\/p>\n<p><strong><a href=\"https:\/\/rsstl.com\/\" target=\"_blank\" rel=\"noopener noreferrer\">R-S PRODUCTS INC.<\/a><br \/><\/strong><strong>IL (South) | MO | KS<\/strong><br \/>Attn. : Allison Boss<br \/>Adresse : 2865 S Highway 94, Defiance, MO 63341<br \/>Tel : <a href=\"tel:36364485440\">636-448-5440<\/a><br \/>E-mail : <a href=\"mailto:aboss@rsstl.com\">aboss@rsstl.com<\/a> <\/p>\n<\/div>\n<\/div>\n<\/div>\n<div class=\"kc-elm kc-css-144560 kc_col-sm-3 kc_column kc_col-sm-3\">\n<div class=\"kc-col-container\">\n<div class=\"kc-elm kc-css-531754 kc_text_block\">\n<p><span style=\"text-decoration: underline;\"><strong><a href=\"http:\/\/www.archspecsales.com\" target=\"_blank\" rel=\"noopener noreferrer\">ARCH SPEC<\/a><\/strong><\/span><br \/><strong>FL | GA | TN (East<\/strong>)<br \/>Attn. : Joe Fife<br \/>Adresse : 4470 Chamblee Dunwoody Rd, STE 510, Atlanta, GA 30338<br \/>T\u00e9l. : <a href=\"tel:4702425444\">470-242-5444<\/a><br \/>E-mail : <a href=\"mailto:joe@archspecsales.com\" target=\"_blank\" rel=\"noopener noreferrer\">joe@archspecsales.com<\/a>  <\/p>\n<p><span style=\"text-decoration: underline;\"><strong><a href=\"https:\/\/www.spargogroup.com\/\" target=\"_blank\" rel=\"noopener noreferrer\">GROUPE SPARGO<\/a><\/strong><\/span><br \/><strong>IL<\/strong><br \/>Attn. : John Waylock<br \/>Adresse : 501 Wrighwood Ave, Elmhurst, IL, 60126<br \/>T\u00e9l. : <a href=\"tel:6305169092\">630-516-9092<\/a><br \/>E-mail : <a href=\"mailto:jwaylock@spargogroup.com\" target=\"_blank\" rel=\"noopener noreferrer\">jwaylock@spargogroup.com<\/a>  <\/p>\n<p><span style=\"text-decoration: underline;\"><strong><a href=\"http:\/\/www.archspecsales.com\/\" target=\"_blank\" rel=\"noopener noreferrer\">ARCH SPEC<\/a><\/strong><\/span><br \/><strong>TX, OK, AR, LA<\/strong><br \/>Attn. : Dena Taylor<br \/>T\u00e9l. : <a href=\"tel:6822074141\">682-207-4141<\/a><br \/>E-mail : <a href=\"mailto:dena@archspecsales.com\" target=\"_blank\" rel=\"noopener noreferrer\">dena@archspecsales.com<\/a>  <\/p>\n<p><span style=\"text-decoration: underline;\"><strong><a href=\"https:\/\/archres-inc.com\/\" target=\"_blank\" rel=\"noopener noreferrer\">ARCH RESOURCES LLC<\/a><\/strong><\/span><br \/><strong>MD | DC | WV | PA | DE | VA | NJ (South)<\/strong><br \/>Attn. : Peter Martindell<br \/>Adresse : <em>Pennsylvanie<\/em> &#8211; 29 Mainland Rd. Harleysville, PA 19438<br \/>Adresse : <em>Maryland<\/em> &#8211; 7835 Belle Point Drive, Greenbelt, Maryland 20770<br \/>Tel. : 410- 792-4282<br \/>E-mail : <a href=\"mailto:peter@archres-inc.com\" target=\"_blank\" rel=\"noopener noreferrer\">peter@archres-inc.com<\/a>   <\/p>\n<\/div>\n<\/div>\n<\/div>\n<div class=\"kc-elm kc-css-190535 kc_col-sm-3 kc_column kc_col-sm-3\">\n<div class=\"kc-col-container\">\n<div class=\"kc-elm kc-css-177302 kc_text_block\">\n<p><strong><span style=\"text-decoration: underline;\"><a href=\"http:\/\/www.schumarketing.com\" target=\"_blank\" rel=\"noopener noreferrer\">SCHU MARKETING ASSOC.<\/a><\/span><\/strong><br \/><strong>IA | MI (Nord) | MN | NE | ND | SD | WI<\/strong><\/p>\n<p><em>Bureau du Minnesota<\/em><br \/>Adresse : 8400 Wyoming Ave, Suite 200, Brooklyn Park MN 55445<br \/>T\u00e9l. <a href=\"tel:7635935616\" target=\"_blank\" rel=\"noopener noreferrer\">763-593-5616<\/a> <\/p>\n<p><em>Bureau du Nebraska<\/em><br \/>Adresse : 11415 Centennial Road, Suite 101, LaVista NE 68128<br \/>T\u00e9l. <a href=\"tel:4029161761\" target=\"_blank\" rel=\"noopener noreferrer\">402-916-1761<\/a> <\/p>\n<p>Courriel : <a href=\"mailto:customerservice@schumarketing.com\" target=\"_blank\" rel=\"noopener noreferrer\">customerservice@schumarketing.com<\/a><\/p>\n<p><span style=\"text-decoration: underline;\"><strong><a href=\"http:\/\/ssosales.com\/\" target=\"_blank\" rel=\"noopener noreferrer\">STOESSEL, SEDGWICK &amp; O&rsquo;CONNOR, LLC<\/a><\/strong><\/span><br \/><strong>CT | ME | MA | NH | RI | VT<\/strong><br \/>Adresse : <em>Connecticut<\/em> &#8211; 31 High Street &#8211; 2nd Flr New Britain, CT 06051<br \/>T\u00e9l. : <a href=\"tel:18602246700\">860-224-6700<\/a><br \/>Adresse : <em>Massachusetts<\/em> &#8211; 55 Winthrop Street #3, Rehoboth, MA 02769<br \/>T\u00e9l. : <a href=\"tel:15082526712\" target=\"_blank\" rel=\"noopener noreferrer\">508-252-6712<\/a><br \/>Email : pmsedgwick@ssosales.com  <\/p>\n<p><span style=\"text-decoration: underline;\"><strong><a href=\"https:\/\/diversifiedspec.com\/\">SP\u00c9C. DIVERSIFI\u00c9E. VENTES. <\/a><\/strong><\/span><br \/><strong>MI (South), OH<\/strong><br \/>Attn : Kim Jennings<br \/>Adresse : 13261 Northend Ave, Oak Park, MI 48237<br \/>T\u00e9l\u00e9phone : (248)-398-2400<br \/>Courriel : kjennings@dsshowley.com<\/p>\n<\/div>\n<\/div>\n<\/div>\n<div class=\"kc-elm kc-css-894393 kc_col-sm-3 kc_column kc_col-sm-3\">\n<div class=\"kc-col-container\">\n<div class=\"kc-elm kc-css-495832 kc_text_block\">\n<p><strong><span style=\"text-decoration: underline;\"><a href=\"http:\/\/sylvester-assoc.com\/\" target=\"_blank\" rel=\"noopener noreferrer\">SYLVESTER &amp; ASSOCIATES, LTD.<\/a><\/span><\/strong><br \/><strong>NJ (North)<\/strong><br \/>Attn. : Fred Sylvester<br \/>Adresse : 36 Gazza Blvd E. Farmingdale, NY 11735<br \/>Tel. : <a href=\"tel:6312497171\">631-249-7171<\/a><br \/>E-mail : <a href=\"mailto:fred@sylvester-assoc.com\">fred@sylvester-assoc.com<\/a> <br \/><strong>NY (Metro Area)<br \/><\/strong>Attn. : Fred Sylvester<br \/>Adresse : 36 Gazza Blvd E. Farmingdale, NY 11735<br \/>Tel. : <a href=\"tel:6312497171\">631-249-7171<\/a><br \/>E-mail : <a href=\"mailto:fred@sylvester-assoc.com\">fred@sylvester-assoc.com<\/a> <br \/><strong>NY (Upstate<\/strong>) <strong><br \/> Attn. : Gordon Cruickshank<\/strong><br \/>Adresse : 83 Woody Lane Rochester, NY 14625<br \/>T\u00e9l. : <a href=\"tel:5853810048\">585-381-0048<\/a><br \/>E-mail : <a href=\"mailto:gordon@sylvester-assoc.com\">gordon@sylvester-assoc.com<\/a>  <\/p>\n<p><strong><span style=\"text-decoration: underline;\"><a href=\"http:\/\/www.wmbakerco.com\/\" target=\"_blank\" rel=\"noopener noreferrer\">WILLIAM BAKER CO.<\/a><\/span><\/strong><br \/><strong>IN | KY<\/strong><br \/>Attn. : Jim Baker<br \/>Adresse : 3004 E. 56th Street<br \/>T\u00e9l. : <a href=\"tel:3172535248\">317-253-5248<\/a><br \/>E-mail : <a href=\"mailto:salesupport@wmbakerco.com\" data-slimstat=\"5\">salesupport@wmbakerco.com<\/a>  <\/p>\n<p><a href=\"https:\/\/windnw.com\"><strong><span style=\"text-decoration: underline;\">VENT NORD-OUEST<\/span><\/strong><\/a><br \/><strong>WA | OR | ID<\/strong><br \/>Attn. : Tamara Allen<br \/>Adresse : 1156 Industry Dr, Tukwila, WA 98188<br \/>T\u00e9l. : <a href=\"tel:2065757881\">206-575-7881<\/a><br \/>E-mail : <a href=\"mailto:tamara@windnw.com\" data-slimstat=\"5\">tamara@windnw.com<\/a>  <\/p>\n<\/div>\n<\/div>\n<\/div>\n<\/div>\n<\/div>\n<\/section>\n<section class=\"kc-elm kc-css-113890 kc_row\">\n<div class=\"kc-row-container kc-container\">\n<div class=\"kc-wrap-columns\">\n<div class=\"kc-elm kc-css-505398 kc_column kc_col-sm-12\">\n<div class=\"kc-col-container\">\n<div class=\"kc-elm kc-css-415118 kc_text_block\">\n<h3>Canada<\/h3>\n<\/div>\n<div class=\"kc-elm kc-css-920776 kc_text_block\">\n<hr>\n<\/div>\n<\/div>\n<\/div>\n<\/div>\n<\/div>\n<\/section>\n<section class=\"kc-elm kc-css-486278 kc_row\">\n<div class=\"kc-row-container kc-container\">\n<div class=\"kc-wrap-columns\">\n<div class=\"kc-elm kc-css-680188 kc_col-sm-6 kc_column kc_col-sm-6\">\n<div class=\"kc-col-container\">\n<div class=\"kc-elm kc-css-215860 kc_text_block\">\n<p><strong>ALBERTA<br \/><a href=\"http:\/\/ats-sales.ca\/\">Allied Technical Sales Inc.<\/a><\/strong><br \/>Veronica Gutierrez<br \/>Sans frais : <a href=\"tel:18554440588\">1-855-444-0588<\/a><br \/>T\u00e9l. : <a href=\"tel:4034613188\">403-461-3188<\/a><br \/>Fax : 866-450-2370<br \/>E-mail : <a href=\"mailto:veronica@ats-sales.ca\">veronica@ats-sales.ca<\/a>  <\/p>\n<\/div>\n<\/div>\n<\/div>\n<div class=\"kc-elm kc-css-710594 kc_col-sm-6 kc_column kc_col-sm-6\">\n<div class=\"kc-col-container\">\n<div class=\"kc-elm kc-css-366261 kc_text_block\">\n<p><strong>COLOMBIE-BRITANNIQUE<br \/><a href=\"http:\/\/ats-sales.ca\/\" target=\"_blank\" rel=\"noopener noreferrer\">Allied Technical Sales Inc.<\/a><\/strong><br \/>Trevor Bowkett<br \/>Sans frais : <a href=\"tel:18554440588\">1-855-444-0588<\/a><br \/>T\u00e9l. : <a href=\"tel:4034613188\">403-461-3188<\/a><br \/>Cellulaire : <a href=\"tel:6046031844\">604-603-1844<\/a><br \/>Fax. : 866-450-2370<br \/>E-mail : <a href=\"mailto:trevor@ats-sales.ca\">trevor@ats-sales.ca<\/a>  <\/p>\n<\/div>\n<\/div>\n<\/div>\n<div class=\"kc-elm kc-css-130230 kc_col-sm-6 kc_column kc_col-sm-6\">\n<div class=\"kc-col-container\">\n<div class=\"kc-elm kc-css-565256 kc_text_block\">\n<p><strong>MANITOBA<br \/><a href=\"http:\/\/ats-sales.ca\/\" target=\"_blank\" rel=\"noopener noreferrer\">Allied Technical Sales Inc.<\/a><\/strong><br \/>Veronica Gutierrez<br \/>Sans frais : <a href=\"tel:18554440588\">1-855-444-0588<\/a><br \/>T\u00e9l. : <a href=\"tel:4034613188\">403-461-3188<\/a><br \/>Fax : 866-450-2370<br \/>E-mail : <a href=\"mailto:veronica@ats-sales.ca\">veronica@ats-sales.ca<\/a>  <\/p>\n<\/div>\n<\/div>\n<\/div>\n<div class=\"kc-elm kc-css-876045 kc_col-sm-6 kc_column kc_col-sm-6\">\n<div class=\"kc-col-container\">\n<div class=\"kc-elm kc-css-161448 kc_text_block\">\n<p><strong>ONTARIO<br \/><a href=\"http:\/\/ats-sales.ca\/\" target=\"_blank\" rel=\"noopener noreferrer\">Allied Technical Sales Inc.<\/a><\/strong><br \/>Adresse : 885 Milner Avenue Toronto, Ontario M1B 5V8<br \/>Sans frais : <a href=\"tel:18554440588\">1-855-444-0588<\/a><br \/>T\u00e9l. : <a href=\"tel:4164440535\">416-444-0535<\/a><br \/>Fax : 416-444-0130<br \/>Courriel : <a href=\"mailto:sales@ats-sales.ca\">sales@ats-sales.ca<\/a> <\/p>\n<\/div>\n<\/div>\n<\/div>\n<div class=\"kc-elm kc-css-876045 kc_col-sm-6 kc_column kc_col-sm-6\">\n<div class=\"kc-col-container\">\n<div class=\"kc-elm kc-css-161448 kc_text_block\">\n<p><strong>QU\u00c9BEC<br \/><a href=\"http:\/\/ats-sales.ca\/\" target=\"_blank\" rel=\"noopener noreferrer\">Allied Technical Sales Inc.<\/a><\/strong><br \/>Adresse : 223-3095 Autoroute Jean-No\u00ebl-Lavoie, Laval, QC H7P 4W5<br \/>Sans frais : <a href=\"tel:18554440588\">1-855-444-0588<\/a><br \/>T\u00e9l. : <a href=\"tel:4506677676\" target=\"_blank\" rel=\"noopener noreferrer\">514-346-8265<\/a><br \/>Fax. : 450-667-7676<br \/>E-mail : <a href=\"mailto:montreal@ats-sales.ca\">montreal@ats-sales.ca<\/a>  <\/p>\n<\/div>\n<\/div>\n<\/div>\n<\/div>\n<\/div>\n<\/section>\n<section class=\"kc-elm kc-css-454656 kc_row\">\n<div class=\"kc-row-container kc-container\">\n<div class=\"kc-wrap-columns\">\n<div class=\"kc-elm kc-css-378958 kc_col-sm-3 kc_column kc_col-sm-3\">\n<div class=\"kc-col-container\">\n<div class=\"kc-elm kc-css-427360 kc_text_block\">\n<p><strong>QU\u00c9BEC<br \/><a href=\"http:\/\/www.lajoie.co\/\" target=\"_blank\" rel=\"noopener noreferrer\">Lajoie Distribution Conseil<\/a><\/strong><br \/>Adresse : 6221 Marivaux St-Leonard, Qu\u00e9bec H1P 3H6<br \/>Sans frais : <a href=\"tel:18008186645\">1-800-818-6645<\/a><br \/>T\u00e9l. : <a href=\"tel:5143286645\">514-328-6645<\/a><br \/>Courriel : <a href=\"mailto:info@lajoie.co\">info@lajoie.co<\/a><\/p>\n<\/div>\n<\/div>\n<\/div>\n<div class=\"kc-elm kc-css-282384 kc_col-sm-3 kc_column kc_col-sm-3\">\n<div class=\"kc-col-container\">\n<div class=\"kc-elm kc-css-82313 kc_text_block\">\n<p><strong>SASKATOON<br \/><a href=\"http:\/\/ats-sales.ca\/\">Allied Technical Sales Inc.<\/a><\/strong><br \/>Veronica Gutierrez<br \/>Sans frais : <a href=\"tel:18554440588\">1-855-444-0588<\/a><br \/>T\u00e9l. : <a href=\"tel:4034613188\">403-461-3188<\/a><br \/>Fax : 866-450-2370<br \/>E-mail : <a href=\"mailto:veronica@ats-sales.ca\">veronica@ats-sales.ca<\/a>  <\/p>\n<\/div>\n<\/div>\n<\/div>\n<div class=\"kc-elm kc-css-897446 kc_col-sm-3 kc_column kc_col-sm-3\">\n<div class=\"kc-col-container\">\n<div class=\"kc-elm kc-css-820647 kc_text_block\">\n<p><strong>WINNIPEG<br \/><a href=\"http:\/\/ats-sales.ca\/\">Allied Technical Sales Inc.<\/a><\/strong><br \/>Sans frais : <a href=\"tel:18554440588\">1-855-444-0588<\/a><br \/>T\u00e9l. : <a href=\"tel:4034613188\">403-461-3188<\/a><br \/>Fax : 866-450-2370<br \/>E-mail : <a href=\"mailto:winnipeg@ats-sales.ca\">winnipeg@ats-sales.ca<\/a>  <\/p>\n<\/div>\n<\/div>\n<\/div>\n<div class=\"kc-elm kc-css-682144 kc_col-sm-3 kc_column kc_col-sm-3\">\n<div class=\"kc-col-container\"> <\/div>\n<\/div>\n<\/div>\n<\/div>\n<\/section>\n<section class=\"kc-elm kc-css-603950 kc_row\">\n<div class=\"kc-row-container kc-container\">\n<div class=\"kc-wrap-columns\">\n<div class=\"kc-elm kc-css-870550 kc_col-sm-12 kc_column kc_col-sm-12\">\n<div class=\"kc-col-container\">\n<div class=\"kc-elm kc-css-572898 kc_text_block\"> <\/div>\n<\/div>\n<\/div>\n<\/div>\n<\/div>\n<\/section>\n<p>[\/kc_column_text][\/kc_column][\/kc_row]<\/p>\n","protected":false},"excerpt":{"rendered":"<p>[kc_row full_width=\u00a0\u00bbstretch_row\u00a0\u00bb _id=\u00a0\u00bb526892&Prime; cols_gap=\u00a0\u00bb{`kc-css`:{}}\u00a0\u00bb use_container=\u00a0\u00bbno\u00a0\u00bb force=\u00a0\u00bbyes\u00a0\u00bb][kc_column _id=\u00a0\u00bb216761&Prime;][kc_column_text _id=\u00a0\u00bb569237&Prime;] [\/kc_column_text][kc_row# cols_gap=\u00a0\u00bb{`kc-css`:{`any`:{`group`:{`max-width|.kc-container`:`100%`}}}}\u00a0\u00bb use_container=\u00a0\u00bbno\u00a0\u00bb force=\u00a0\u00bbyes\u00a0\u00bb _id=\u00a0\u00bb749948&Prime; css_custom=\u00a0\u00bb{`kc-css`:{}}\u00a0\u00bb column_align=\u00a0\u00bbcenter\u00a0\u00bb video_bg_url=\u00a0\u00bb__empty__\u00a0\u00bb video_mute=\u00a0\u00bb__empty__\u00a0\u00bb parallax_image=\u00a0\u00bb__empty__\u00a0\u00bb][\/kc_row#][kc_column# width=\u00a0\u00bb100%\u00a0\u00bb _id=\u00a0\u00bb305576&Prime;<\/p>\n","protected":false},"author":2,"featured_media":0,"parent":0,"menu_order":0,"comment_status":"closed","ping_status":"closed","template":"","meta":{"_acf_changed":false,"content-type":"","footnotes":""},"class_list":["post-35822","page","type-page","status-publish","hentry"],"acf":[],"featured_image_src":null,"featured_image_src_square":null,"_links":{"self":[{"href":"https:\/\/spectrum-built.com\/fr\/wp-json\/wp\/v2\/pages\/35822","targetHints":{"allow":["GET"]}}],"collection":[{"href":"https:\/\/spectrum-built.com\/fr\/wp-json\/wp\/v2\/pages"}],"about":[{"href":"https:\/\/spectrum-built.com\/fr\/wp-json\/wp\/v2\/types\/page"}],"author":[{"embeddable":true,"href":"https:\/\/spectrum-built.com\/fr\/wp-json\/wp\/v2\/users\/2"}],"replies":[{"embeddable":true,"href":"https:\/\/spectrum-built.com\/fr\/wp-json\/wp\/v2\/comments?post=35822"}],"version-history":[{"count":0,"href":"https:\/\/spectrum-built.com\/fr\/wp-json\/wp\/v2\/pages\/35822\/revisions"}],"wp:attachment":[{"href":"https:\/\/spectrum-built.com\/fr\/wp-json\/wp\/v2\/media?parent=35822"}],"curies":[{"name":"wp","href":"https:\/\/api.w.org\/{rel}","templated":true}]}}