{"id":35846,"date":"2023-06-23T13:55:17","date_gmt":"2023-06-23T13:55:17","guid":{"rendered":"https:\/\/spectrum-built.com\/guide-des-normes-ada"},"modified":"2025-07-21T18:42:24","modified_gmt":"2025-07-21T18:42:24","slug":"guide-des-normes-ada","status":"publish","type":"page","link":"https:\/\/spectrum-built.com\/fr\/guide-des-normes-ada\/","title":{"rendered":"Guide des normes ADA"},"content":{"rendered":"<div class=\"wpb-content-wrapper\"><p>[vc_row css=\u00a0\u00bb.vc_custom_1690551754979{margin-top: 90px !important;padding-top: 3em !important;}\u00a0\u00bb][vc_column]<div class=\"title-wrapper  basel-title-color-primary basel-title-style-simple basel-title-size-large text-center vc_custom_1690551801640\"><div class=\"liner-continer\"> <span class=\"left-line\"><\/span> <h1 class=\"title\" >Conception de casiers accessibles<span class=\"title-separator\"><span><\/span><\/span><\/h1> <span class=\"right-line\"><\/span> <\/div><span class=\"title-after_title\">To Fit Your Project<\/span><\/div>[\/vc_column][\/vc_row][vc_row][vc_column][vc_single_image image=\u00a0\u00bb33373&Prime; img_size=\u00a0\u00bbfull\u00a0\u00bb alignment=\u00a0\u00bbcenter\u00a0\u00bb][\/vc_column][\/vc_row][vc_row][vc_column]<div class=\"title-wrapper  basel-title-color-default basel-title-style-default basel-title-size-default text-center \"><div class=\"liner-continer\"> <span class=\"left-line\"><\/span> <h2 class=\"title\" >Designing ADA Lockers - Clear Floor Space and Reach<span class=\"title-separator\"><span><\/span><\/span><\/h2> <span class=\"right-line\"><\/span> <\/div><\/div>[vc_column_text]La norme ADA 2010 doit \u00eatre prise en compte lors de la sp\u00e9cification des casiers pour votre b\u00e2timent. Vous devez garder \u00e0 l&rsquo;esprit que l&rsquo;article 225.2 stipule que lorsque des casiers sont fournis, 5 % ou au moins un de chaque type de casier doit \u00eatre conforme \u00e0 la norme 811 Stockage. Le code de stockage 811 r\u00e9glemente l&rsquo;espace libre au sol (305), la port\u00e9e (308) et les parties utilisables (309).[\/vc_column_text][\/vc_column][\/vc_row][vc_row][vc_column][vc_single_image image=\u00a0\u00bb33374&Prime; img_size=\u00a0\u00bbfull\u00a0\u00bb alignment=\u00a0\u00bbcenter\u00a0\u00bb]<div class=\"title-wrapper  basel-title-color-default basel-title-style-default basel-title-size-default text-center \"><div class=\"liner-continer\"> <span class=\"left-line\"><\/span> <h2 class=\"title\" >Locker Hardware for ADA Standards<span class=\"title-separator\"><span><\/span><\/span><\/h2> <span class=\"right-line\"><\/span> <\/div><\/div>[vc_column_text]Le mat\u00e9riel qui n\u00e9cessite des mouvements simultan\u00e9s de la main et des doigts, exigeant une plus grande dext\u00e9rit\u00e9 et une meilleure coordination, n&rsquo;est pas recommand\u00e9.[\/vc_column_text][\/vc_column][\/vc_row][vc_row][vc_column][vc_single_image image=\u00a0\u00bb33375&Prime; img_size=\u00a0\u00bbfull\u00a0\u00bb alignment=\u00a0\u00bbcenter\u00a0\u00bb]<div class=\"title-wrapper  basel-title-color-default basel-title-style-default basel-title-size-default text-center \"><div class=\"liner-continer\"> <span class=\"left-line\"><\/span> <h2 class=\"title\" >Benches that Meet ADA Standards<span class=\"title-separator\"><span><\/span><\/span><\/h2> <span class=\"right-line\"><\/span> <\/div><\/div>[vc_column_text]Conform\u00e9ment aux normes ADA 2010, si le banc n&rsquo;est pas adoss\u00e9 \u00e0 un mur, il doit \u00eatre soutenu par un dossier, comme le stipule le paragraphe 903.4. Le support dorsal doit avoir une longueur minimale de 1065 mm (42&Prime;) et doit s&rsquo;\u00e9tendre \u00e0 partir d&rsquo;un point situ\u00e9 \u00e0 51 mm (2&Prime;) au maximum. au-dessus de la surface du si\u00e8ge jusqu&rsquo;\u00e0 un point situ\u00e9 \u00e0 18&Prime; (455 mm) au moins au-dessus de la surface du si\u00e8ge. Le support du dossier doit \u00eatre de 2\u00bd\u00a0\u00bb (64 mm) maximum. \u00e0 partir du bord arri\u00e8re du si\u00e8ge, mesur\u00e9 horizontalement.<\/p>\n<p>Note : 304.3 stipule que l&rsquo;espace de rotation doit \u00eatre un espace de 60&Prime; (1525 mm) de diam\u00e8tre au minimum et que lorsque les bancs sont install\u00e9s dans des endroits humides, la surface du si\u00e8ge doit \u00eatre antid\u00e9rapante et ne doit pas accumuler d&rsquo;eau, 903.7.<\/p>\n<p>&nbsp;<\/p>\n<p>Vous devez toujours consulter les codes de construction locaux et les normes d&rsquo;accessibilit\u00e9 lorsque vous sp\u00e9cifiez des casiers et des bancs. En outre, certaines de ces exigences font partie du code de construction ANSI 11 7.1 2009.[\/vc_column_text]\n\t\t\t<ul class=\"social-icons text-center icons-design-default icons-size-default social-share \">\n\t\t\t\t\t\t\t\t\t<li class=\"social-facebook\"><a rel=\"noopener noreferrer nofollow\" href=\"https:\/\/www.facebook.com\/sharer\/sharer.php?u=https:\/\/spectrum-built.com\/fr\/guide-des-normes-ada\/\" target=\"_blank\" class=\"\"><i class=\"fa fa-facebook\"><\/i><span class=\"basel-social-icon-name\">Facebook<\/span><\/a><\/li>\n\t\t\t\t\n\t\t\t\t\t\t\t\t\t<li class=\"social-x\"><a rel=\"noopener noreferrer nofollow\" href=\"https:\/\/twitter.com\/share?url=https:\/\/spectrum-built.com\/fr\/guide-des-normes-ada\/\" target=\"_blank\" class=\"\"><i class=\"fa fa-x\"><\/i><span class=\"basel-social-icon-name\">X<\/span><\/a><\/li>\n\t\t\t\t\n\t\t\t\t\t\t\t\t\t<li class=\"social-email\"><a rel=\"noopener noreferrer nofollow\" href=\"mailto:?subject=Check%20this%20https:\/\/spectrum-built.com\/fr\/guide-des-normes-ada\/\" target=\"_blank\" class=\"\"><i class=\"fa fa-envelope\"><\/i><span class=\"basel-social-icon-name\">Email<\/span><\/a><\/li>\n\t\t\t\t\n\t\t\t\t\n\t\t\t\t\n\t\t\t\t\n\t\t\t\t\n\t\t\t\t\t\t\t\t\t<li class=\"social-linkedin\"><a rel=\"noopener noreferrer nofollow\" href=\"https:\/\/www.linkedin.com\/shareArticle?mini=true&url=https:\/\/spectrum-built.com\/fr\/guide-des-normes-ada\/\" target=\"_blank\" class=\"\"><i class=\"fa fa-linkedin\"><\/i><span class=\"basel-social-icon-name\">LinkedIn<\/span><\/a><\/li>\n\t\t\t\t\n\t\t\t\t\n\t\t\t\t\n\t\t\t\t\n\t\t\t\t\n\t\t\t\t\n\t\t\t\t\n\t\t\t\t\n\t\t\t\t\n\t\t\t\t\t\t\t\t\n\t\t\t\t\n\t\t\t\t\n\t\t\t\t\n\t\t\t\t\t\t\t<\/ul>\n\n\t\t[\/vc_column][\/vc_row][vc_row content_placement=\u00a0\u00bbmiddle\u00a0\u00bb bg_type=\u00a0\u00bbimage\u00a0\u00bb parallax_style=\u00a0\u00bbvcpb-default\u00a0\u00bb bg_image_new=\u00a0\u00bbid^32726|url^https:\/\/spectrum-built.com\/wp-content\/uploads\/2023\/07\/ADA-locker-cta-bg.jpg|caption^null|alt^null|title^ADA-locker-cta-bg|description^null\u00a0\u00bb css=\u00a0\u00bb.vc_custom_1690551004861{margin-top: 4em !important;margin-bottom: 4em !important;padding-top: 3% !important;padding-right: 10% !important;padding-bottom: 3% !important;padding-left: 10% !important;border-radius: 15px !important;}\u00a0\u00bb][vc_column width=\u00a0\u00bb1\/2&Prime;]<div id=\"ultimate-heading-816069f2f88e1ebbb\" class=\"uvc-heading ult-adjust-bottom-margin ultimate-heading-816069f2f88e1ebbb uvc-7057 \" data-hspacer=\"no_spacer\"  data-halign=\"center\" style=\"text-align:center\"><div class=\"uvc-heading-spacer no_spacer\" style=\"top\"><\/div><div class=\"uvc-main-heading ult-responsive\"  data-ultimate-target='.uvc-heading.ultimate-heading-816069f2f88e1ebbb h2'  data-responsive-json-new='{\"font-size\":\"desktop:24px;\",\"line-height\":\"\"}' ><h2 style=\"font-weight:bold;color:#ffffff;\">T\u00e9l\u00e9chargez le PDF des normes ADA 2010<\/h2><\/div><div class=\"uvc-sub-heading ult-responsive\"  data-ultimate-target='.uvc-heading.ultimate-heading-816069f2f88e1ebbb .uvc-sub-heading '  data-responsive-json-new='{\"font-size\":\"desktop:16px;\",\"line-height\":\"\"}'  style=\"font-weight:normal;color:#ffffff;\"><\/p>\n<p style=\"text-align: center;\"><span style=\"color: #ffffff;\">T\u00e9l\u00e9chargez une copie PDF de notre guide des normes ADA 2010. Facile \u00e0 consulter et facile \u00e0 partager !<\/span><\/p>\n<p><\/div><\/div>[\/vc_column][vc_column width=\u00a0\u00bb1\/2&Prime; basel_text_align=\u00a0\u00bbleft\u00a0\u00bb][vc_column_text]<script charset=\"utf-8\" type=\"text\/javascript\" src=\"\/\/js.hsforms.net\/forms\/embed\/v2.js\"><\/script><script>hbspt.forms.create({\n    region: \"na1\",\n    portalId: \"2790206\",\n    formId: \"86b8f696-efbb-4531-86c1-dacc86129705\"\n  });\n<\/script>[\/vc_column_text][\/vc_column][\/vc_row]<\/p>\n<\/div>","protected":false},"excerpt":{"rendered":"<p>[vc_row css=\u00a0\u00bb.vc_custom_1690551754979{margin-top: 90px !important;padding-top: 3em !important;}\u00a0\u00bb][vc_column][\/vc_column][\/vc_row][vc_row][vc_column][vc_single_image image=\u00a0\u00bb33373&Prime; img_size=\u00a0\u00bbfull\u00a0\u00bb alignment=\u00a0\u00bbcenter\u00a0\u00bb][\/vc_column][\/vc_row][vc_row][vc_column][vc_column_text]La norme ADA 2010 doit \u00eatre prise en compte lors de la<\/p>\n","protected":false},"author":2,"featured_media":33257,"parent":0,"menu_order":0,"comment_status":"closed","ping_status":"closed","template":"","meta":{"_acf_changed":false,"content-type":"","footnotes":""},"class_list":["post-35846","page","type-page","status-publish","has-post-thumbnail","hentry"],"acf":[],"featured_image_src":"https:\/\/spectrum-built.com\/wp-content\/uploads\/2023\/05\/spectrum-phenolic-lockers-room-bench-Small-600x400.jpg","featured_image_src_square":"https:\/\/spectrum-built.com\/wp-content\/uploads\/2023\/05\/spectrum-phenolic-lockers-room-bench-Small-600x449.jpg","_links":{"self":[{"href":"https:\/\/spectrum-built.com\/fr\/wp-json\/wp\/v2\/pages\/35846","targetHints":{"allow":["GET"]}}],"collection":[{"href":"https:\/\/spectrum-built.com\/fr\/wp-json\/wp\/v2\/pages"}],"about":[{"href":"https:\/\/spectrum-built.com\/fr\/wp-json\/wp\/v2\/types\/page"}],"author":[{"embeddable":true,"href":"https:\/\/spectrum-built.com\/fr\/wp-json\/wp\/v2\/users\/2"}],"replies":[{"embeddable":true,"href":"https:\/\/spectrum-built.com\/fr\/wp-json\/wp\/v2\/comments?post=35846"}],"version-history":[{"count":0,"href":"https:\/\/spectrum-built.com\/fr\/wp-json\/wp\/v2\/pages\/35846\/revisions"}],"wp:featuredmedia":[{"embeddable":true,"href":"https:\/\/spectrum-built.com\/fr\/wp-json\/wp\/v2\/media\/33257"}],"wp:attachment":[{"href":"https:\/\/spectrum-built.com\/fr\/wp-json\/wp\/v2\/media?parent=35846"}],"curies":[{"name":"wp","href":"https:\/\/api.w.org\/{rel}","templated":true}]}}