{"id":35859,"date":"2023-07-27T19:03:15","date_gmt":"2023-07-27T23:03:15","guid":{"rendered":"https:\/\/spectrum-built.com\/recherche-de-representants-usa-spectrum-facades"},"modified":"2025-07-21T18:42:40","modified_gmt":"2025-07-21T18:42:40","slug":"recherche-de-representants-usa-spectrum-facades","status":"publish","type":"page","link":"https:\/\/spectrum-built.com\/fr\/recherche-de-representants-usa-spectrum-facades\/","title":{"rendered":"Recherche de repr\u00e9sentants USA Spectrum Facades"},"content":{"rendered":"<div class=\"wpb-content-wrapper\"><p>[vc_row bg_type=\u00a0\u00bbimage\u00a0\u00bb parallax_style=\u00a0\u00bbvcpb-default\u00a0\u00bb bg_image_new=\u00a0\u00bbid^32588|url^https:\/\/spectrum-built.com\/wp-content\/uploads\/2023\/07\/searching-for-rep.jpg|caption^null|alt^null|title^searching-for-rep|description^null\u00a0\u00bb css=\u00a0\u00bb.vc_custom_1689205251852{margin-top: 90px !important;}\u00a0\u00bb][vc_column]<div class=\"ult-spacer spacer-69d0cd87e5648\" data-id=\"69d0cd87e5648\" data-height=\"250\" data-height-mobile=\"100\" data-height-tab=\"250\" data-height-tab-portrait=\"200\" data-height-mobile-landscape=\"100\" style=\"clear:both;display:block;\"><\/div>[\/vc_column][\/vc_row][vc_row css=\u00a0\u00bb.vc_custom_1689205378290{margin-top: 2vh !important;}\u00a0\u00bb][vc_column width=\u00a0\u00bb1\/2&Prime;][vc_column_text]<\/p>\n<div class=\"et_pb_row_inner et_pb_row_inner_1\">\n<div class=\"et_pb_column et_pb_column_4_4 et_pb_column_inner et_pb_column_inner_1 et-last-child\">\n<div id=\"pg-orange-hero-text\" class=\"et_pb_module et_pb_text et_pb_text_0 et_pb_text_align_left et_pb_bg_layout_light\">\n<div class=\"et_pb_text_inner\">\n<h1>Trouvez un repr\u00e9sentant Spectrum Facades<\/h1>\n<\/div>\n<\/div>\n<\/div>\n<\/div>\n<div class=\"et_pb_row_inner et_pb_row_inner_2\">\n<div class=\"et_pb_column et_pb_column_4_4 et_pb_column_inner et_pb_column_inner_2 et-last-child\">\n<div id=\"pg-orange-body-text-left\" class=\"et_pb_module et_pb_text et_pb_text_1 et_pb_text_align_left et_pb_bg_layout_light\">\n<div class=\"et_pb_text_inner\">\n<p>&nbsp;<\/p>\n<p>Les repr\u00e9sentants commerciaux de Spectrum offrent une expertise locale indispensable en mati\u00e8re de conception, de la conformit\u00e9 au code et de la s\u00e9lection des produits \u00e0 la recherche d&rsquo;un distributeur, en passant par la commande et la logistique.<br \/>\nSi vous cherchez un repr\u00e9sentant ou un distributeur en dehors des \u00c9tats-Unis, veuillez utiliser notre <strong><a href=\"https:\/\/spectrum-built.com\/fr\/recherche-de-representants-canadiens-spectrum-lockers\/\">outil de recherche de repr\u00e9sentants et de distributeurs canadiens<\/a>.<\/strong><\/p>\n<p>Utilisez le menu d\u00e9roulant pour trouver le repr\u00e9sentant local appropri\u00e9 :<\/p>\n<\/div>\n<\/div>\n<\/div>\n<\/div>\n<p>[\/vc_column_text]<div class=\"ult-spacer spacer-69d0cd87e56d4\" data-id=\"69d0cd87e56d4\" data-height=\"10\" data-height-mobile=\"10\" data-height-tab=\"10\" data-height-tab-portrait=\"\" data-height-mobile-landscape=\"\" style=\"clear:both;display:block;\"><\/div>[\/vc_column][vc_column width=\u00a0\u00bb1\/2&Prime; css=\u00a0\u00bb.vc_custom_1689205361624{background-color: #f7f7f7 !important;border-radius: 10px !important;}\u00a0\u00bb][vc_column_text]<\/p>\n<div class=\"et_pb_row_inner et_pb_row_inner_1\">\n<div class=\"et_pb_column et_pb_column_4_4 et_pb_column_inner et_pb_column_inner_1 et-last-child\">\n<div id=\"pg-orange-hero-text\" class=\"et_pb_module et_pb_text et_pb_text_0 et_pb_text_align_left et_pb_bg_layout_light\">\n<div class=\"et_pb_text_inner\">\n<h4>Contact technique pour l&rsquo;Am\u00e9rique du Nord<\/h4>\n<p><strong>Nom :<\/strong> Christian Meunier<strong><br \/>\nEmail :<\/strong> chris@atsspec.com <strong>Tel :<\/strong> 1-514-346-6231<\/p>\n<h4>Contact CID pour l&rsquo;Am\u00e9rique du Nord<\/h4>\n<p><strong>Nom :<\/strong> Linda Fogazzi<strong><br \/>\nEmail :<\/strong> linda@ats-sales.ca <strong>US Tel : <\/strong>1-305-204-3343 <strong>CA Tel :<\/strong> 1-416-938-4031<\/p>\n<\/div>\n<\/div>\n<\/div>\n<\/div>\n<p>[\/vc_column_text][\/vc_column][\/vc_row][vc_row][vc_column width=\u00a0\u00bb1\/2&Prime;][vc_column_text]<div class=\"frm_forms  with_frm_style frm_style_formidable-style\" id=\"frm_form_20_container\" data-token=\"cd912c37d1b22575843183a6d910a1ff\">\n<form enctype=\"multipart\/form-data\" method=\"post\" class=\"frm-show-form  frm_pro_form \" id=\"form_usafacadessrepsearch\" data-token=\"cd912c37d1b22575843183a6d910a1ff\">\n<div class=\"frm_form_fields \">\n<fieldset>\n<legend class=\"frm_screen_reader\">USA Facades Rep Search<\/legend>\r\n\r\n<div class=\"frm_fields_container\">\n<input type=\"hidden\" name=\"frm_action\" value=\"create\" \/>\n<input type=\"hidden\" name=\"form_id\" value=\"20\" \/>\n<input type=\"hidden\" name=\"frm_hide_fields_20\" id=\"frm_hide_fields_20\" value=\"\" \/>\n<input type=\"hidden\" name=\"form_key\" value=\"usafacadessrepsearch\" \/>\n<input type=\"hidden\" name=\"item_meta[0]\" value=\"\" \/>\n<input type=\"hidden\" id=\"frm_submit_entry_20\" name=\"frm_submit_entry_20\" value=\"444fefbcef\" \/><input type=\"hidden\" name=\"_wp_http_referer\" value=\"\/fr\/wp-json\/wp\/v2\/pages\/35859\" \/><div id=\"frm_field_99_container\" class=\"frm_form_field form-field  frm_top_container\">\r\n    <label for=\"field_gacm52\" id=\"field_gacm52_label\" class=\"frm_primary_label\">Choose State\r\n        <span class=\"frm_required\" aria-hidden=\"true\"><\/span>\r\n    <\/label>\r\n    \t\t<select name=\"item_meta[99]\" id=\"field_gacm52\"  data-invmsg=\"Choose State est non valide\" aria-invalid=\"false\"  >\n\t\t<option  value=\"Alabama\">Alabama<\/option><option  value=\"Alaska\">Alaska<\/option><option  value=\"Arizona\">Arizona<\/option><option  value=\"Arkansas\">Arkansas<\/option><option  value=\"California\">California<\/option><option  value=\"Colorado\">Colorado<\/option><option  value=\"Connecticut\">Connecticut<\/option><option  value=\"Delaware\">Delaware<\/option><option  value=\"District of Columbia\">District of Columbia<\/option><option  value=\"Florida\">Florida<\/option><option  value=\"Georgia\">Georgia<\/option><option  value=\"Hawaii\">Hawaii<\/option><option  value=\"Idaho\">Idaho<\/option><option  value=\"Illinois\">Illinois<\/option><option  value=\"Indiana\">Indiana<\/option><option  value=\"Iowa\">Iowa<\/option><option  value=\"Kansas\">Kansas<\/option><option  value=\"Kentucky\">Kentucky<\/option><option  value=\"Louisiana\">Louisiana<\/option><option  value=\"Maine\">Maine<\/option><option  value=\"Maryland\">Maryland<\/option><option  value=\"Massachusetts\">Massachusetts<\/option><option  value=\"Michigan\">Michigan<\/option><option  value=\"Minnesota\">Minnesota<\/option><option  value=\"Mississippi\">Mississippi<\/option><option  value=\"Missouri\">Missouri<\/option><option  value=\"Montana\">Montana<\/option><option  value=\"Nebraska\">Nebraska<\/option><option  value=\"Nevada\">Nevada<\/option><option  value=\"New Hampshire\">New Hampshire<\/option><option  value=\"New Jersey\">New Jersey<\/option><option  value=\"New Mexico\">New Mexico<\/option><option  value=\"New York\">New York<\/option><option  value=\"North Carolina\">North Carolina<\/option><option  value=\"North Dakota\">North Dakota<\/option><option  value=\"Ohio\">Ohio<\/option><option  value=\"Oklahoma\">Oklahoma<\/option><option  value=\"Oregon\">Oregon<\/option><option  value=\"Pennsylvania\">Pennsylvania<\/option><option  value=\"Rhode Island\">Rhode Island<\/option><option  value=\"South Carolina\">South Carolina<\/option><option  value=\"South Dakota\">South Dakota<\/option><option  value=\"Tennessee\">Tennessee<\/option><option  value=\"Texas\">Texas<\/option><option  value=\"Utah\">Utah<\/option><option  value=\"Vermont\">Vermont<\/option><option  value=\"Virginia\">Virginia<\/option><option  value=\"Washington\">Washington<\/option><option  value=\"West Virginia\">West Virginia<\/option><option  value=\"Wisconsin\">Wisconsin<\/option><option  value=\"Wyoming\">Wyoming<\/option>\t<\/select>\n\t\r\n    \r\n    \r\n<\/div>\n<div id=\"frm_field_114_container\" class=\"frm_form_field form-field \">\n\t<div class=\"frm_submit\">\r\n\r\n<button class=\"frm_button_submit frm_final_submit\" type=\"submit\"  >Submit<\/button>\r\n\r\n\r\n<\/div>\n<\/div>\n\t<input type=\"hidden\" name=\"item_key\" value=\"\" \/>\n\t\t\t<div id=\"frm_field_118_container\">\n\t\t\t<label for=\"field_xg2ob\" >\n\t\t\t\tSi vous \u00eates un humain, ne remplissez pas ce champ.\t\t\t<\/label>\n\t\t\t<input  id=\"field_xg2ob\" type=\"text\" class=\"frm_form_field form-field frm_verify\" name=\"item_meta[118]\" value=\"\"  \/>\n\t\t<\/div>\n\t\t<input name=\"frm_state\" type=\"hidden\" value=\"v4jHGf7kPbXQWbSB3owJ395YAIgXeQWcAVXKsLkHj\/LNkolaPd50KyPlzDYONAtvKpOOiAgeYWPWBu38fioxEg==\" \/><\/div>\n<\/fieldset>\n<\/div>\n\n<p style=\"display: none !important;\" class=\"akismet-fields-container\" data-prefix=\"ak_\"><label>&#916;<textarea name=\"ak_hp_textarea\" cols=\"45\" rows=\"8\" maxlength=\"100\"><\/textarea><\/label><input type=\"hidden\" id=\"ak_js_1\" name=\"ak_js\" value=\"14\"\/><script>document.getElementById( \"ak_js_1\" ).setAttribute( \"value\", ( new Date() ).getTime() );<\/script><\/p><\/form>\n<\/div>\n [\/vc_column_text][\/vc_column][vc_column width=\u00a0\u00bb1\/2&Prime;][\/vc_column][\/vc_row]<\/p>\n<\/div>","protected":false},"excerpt":{"rendered":"<p>[vc_row bg_type=\u00a0\u00bbimage\u00a0\u00bb parallax_style=\u00a0\u00bbvcpb-default\u00a0\u00bb bg_image_new=\u00a0\u00bbid^32588|url^https:\/\/spectrum-built.com\/wp-content\/uploads\/2023\/07\/searching-for-rep.jpg|caption^null|alt^null|title^searching-for-rep|description^null\u00a0\u00bb css=\u00a0\u00bb.vc_custom_1689205251852{margin-top: 90px !important;}\u00a0\u00bb][vc_column][\/vc_column][\/vc_row][vc_row css=\u00a0\u00bb.vc_custom_1689205378290{margin-top: 2vh !important;}\u00a0\u00bb][vc_column width=\u00a0\u00bb1\/2&Prime;][vc_column_text] Trouvez un repr\u00e9sentant Spectrum Facades &nbsp; Les repr\u00e9sentants commerciaux<\/p>\n","protected":false},"author":2,"featured_media":0,"parent":0,"menu_order":0,"comment_status":"closed","ping_status":"closed","template":"","meta":{"_acf_changed":false,"content-type":"","footnotes":""},"class_list":["post-35859","page","type-page","status-publish","hentry"],"acf":[],"featured_image_src":null,"featured_image_src_square":null,"_links":{"self":[{"href":"https:\/\/spectrum-built.com\/fr\/wp-json\/wp\/v2\/pages\/35859","targetHints":{"allow":["GET"]}}],"collection":[{"href":"https:\/\/spectrum-built.com\/fr\/wp-json\/wp\/v2\/pages"}],"about":[{"href":"https:\/\/spectrum-built.com\/fr\/wp-json\/wp\/v2\/types\/page"}],"author":[{"embeddable":true,"href":"https:\/\/spectrum-built.com\/fr\/wp-json\/wp\/v2\/users\/2"}],"replies":[{"embeddable":true,"href":"https:\/\/spectrum-built.com\/fr\/wp-json\/wp\/v2\/comments?post=35859"}],"version-history":[{"count":0,"href":"https:\/\/spectrum-built.com\/fr\/wp-json\/wp\/v2\/pages\/35859\/revisions"}],"wp:attachment":[{"href":"https:\/\/spectrum-built.com\/fr\/wp-json\/wp\/v2\/media?parent=35859"}],"curies":[{"name":"wp","href":"https:\/\/api.w.org\/{rel}","templated":true}]}}